{"id":12,"date":"2016-06-20T22:57:18","date_gmt":"2016-06-20T20:57:18","guid":{"rendered":"http:\/\/blog.messae.org\/?page_id=12"},"modified":"2016-09-04T21:19:26","modified_gmt":"2016-09-04T19:19:26","slug":"installation","status":"publish","type":"page","link":"http:\/\/blog.messae.org\/?page_id=12","title":{"rendered":"Installation"},"content":{"rendered":"<h1 style=\"text-align: justify;\">Installation<\/h1>\n<p style=\"text-align: justify;\">Le <em>bootstrap<\/em> support\u00e9 par le projet nebule permet de r\u00e9cup\u00e9rer automatiquement toutes les applications. L&rsquo;installation de <em>messae<\/em> est donc revue pour partir d&rsquo;une installation du <em>bootstrap<\/em> et pour s\u00e9lection comme application par d\u00e9faut <em>messae<\/em>.<\/p>\n<p style=\"text-align: justify;\">La premi\u00e8re \u00e9tape consiste \u00e0 suivre l&rsquo;installation suivant le type de syst\u00e8me d&rsquo;exploitation : <a title=\"Installation\" href=\"http:\/\/blog.nebule.org\/?page_id=2535\" target=\"_blank\">Installation<\/a><\/p>\n<p style=\"text-align: justify;\">La s\u00e9lection par d\u00e9faut de l&rsquo;application et sa configuration se fait en ajoutant au fichier <code>nebule.env<\/code> :<\/p>\n<p style=\"text-align: left;\"><code>defaultApplication = c732cb06c898051d76111384d83b9729068a74e127730053c35435138c89717a<\/code><\/p>\n","protected":false},"excerpt":{"rendered":"<p>Installation Le bootstrap support\u00e9 par le projet nebule permet de r\u00e9cup\u00e9rer automatiquement toutes les applications. L&rsquo;installation de messae est donc revue pour partir d&rsquo;une installation du bootstrap et pour s\u00e9lection comme application par d\u00e9faut messae. La premi\u00e8re \u00e9tape consiste \u00e0 suivre l&rsquo;installation suivant le type de syst\u00e8me d&rsquo;exploitation : Installation La s\u00e9lection par d\u00e9faut de &hellip; <a href=\"http:\/\/blog.messae.org\/?page_id=12\" class=\"more-link\">Continuer la lecture de <span class=\"screen-reader-text\">Installation<\/span><\/a><\/p>\n","protected":false},"author":1,"featured_media":0,"parent":0,"menu_order":3,"comment_status":"open","ping_status":"open","template":"","meta":[],"_links":{"self":[{"href":"http:\/\/blog.messae.org\/index.php?rest_route=\/wp\/v2\/pages\/12"}],"collection":[{"href":"http:\/\/blog.messae.org\/index.php?rest_route=\/wp\/v2\/pages"}],"about":[{"href":"http:\/\/blog.messae.org\/index.php?rest_route=\/wp\/v2\/types\/page"}],"author":[{"embeddable":true,"href":"http:\/\/blog.messae.org\/index.php?rest_route=\/wp\/v2\/users\/1"}],"replies":[{"embeddable":true,"href":"http:\/\/blog.messae.org\/index.php?rest_route=%2Fwp%2Fv2%2Fcomments&post=12"}],"version-history":[{"count":3,"href":"http:\/\/blog.messae.org\/index.php?rest_route=\/wp\/v2\/pages\/12\/revisions"}],"predecessor-version":[{"id":33,"href":"http:\/\/blog.messae.org\/index.php?rest_route=\/wp\/v2\/pages\/12\/revisions\/33"}],"wp:attachment":[{"href":"http:\/\/blog.messae.org\/index.php?rest_route=%2Fwp%2Fv2%2Fmedia&parent=12"}],"curies":[{"name":"wp","href":"https:\/\/api.w.org\/{rel}","templated":true}]}}