{"id":16,"date":"2016-06-20T22:58:54","date_gmt":"2016-06-20T20:58:54","guid":{"rendered":"http:\/\/blog.messae.org\/?page_id=16"},"modified":"2016-06-20T22:58:54","modified_gmt":"2016-06-20T20:58:54","slug":"iconographie","status":"publish","type":"page","link":"http:\/\/blog.messae.org\/?page_id=16","title":{"rendered":"Iconographie"},"content":{"rendered":"<h2>Iconographie<\/h2>\n<p style=\"text-align: justify;\">Les ic\u00f4nes sont empreint\u00e9es du projet <a title=\"Projet sylabe\" href=\"http:\/\/blog.sylabe.org\" target=\"_blank\">sylabe<\/a>, elles sont donc soumises \u00e0 la m\u00eame licence (cc) BY-NC-SA. Elles sont cependant moins nombreuses :<\/p>\n<p style=\"text-align: center;\">En cours&#8230;<\/p>\n","protected":false},"excerpt":{"rendered":"<p>Iconographie Les ic\u00f4nes sont empreint\u00e9es du projet sylabe, elles sont donc soumises \u00e0 la m\u00eame licence (cc) BY-NC-SA. Elles sont cependant moins nombreuses : En cours&#8230;<\/p>\n","protected":false},"author":1,"featured_media":0,"parent":0,"menu_order":7,"comment_status":"open","ping_status":"open","template":"","meta":[],"_links":{"self":[{"href":"http:\/\/blog.messae.org\/index.php?rest_route=\/wp\/v2\/pages\/16"}],"collection":[{"href":"http:\/\/blog.messae.org\/index.php?rest_route=\/wp\/v2\/pages"}],"about":[{"href":"http:\/\/blog.messae.org\/index.php?rest_route=\/wp\/v2\/types\/page"}],"author":[{"embeddable":true,"href":"http:\/\/blog.messae.org\/index.php?rest_route=\/wp\/v2\/users\/1"}],"replies":[{"embeddable":true,"href":"http:\/\/blog.messae.org\/index.php?rest_route=%2Fwp%2Fv2%2Fcomments&post=16"}],"version-history":[{"count":1,"href":"http:\/\/blog.messae.org\/index.php?rest_route=\/wp\/v2\/pages\/16\/revisions"}],"predecessor-version":[{"id":17,"href":"http:\/\/blog.messae.org\/index.php?rest_route=\/wp\/v2\/pages\/16\/revisions\/17"}],"wp:attachment":[{"href":"http:\/\/blog.messae.org\/index.php?rest_route=%2Fwp%2Fv2%2Fmedia&parent=16"}],"curies":[{"name":"wp","href":"https:\/\/api.w.org\/{rel}","templated":true}]}}